{"id":1135,"date":"2019-06-10T16:37:32","date_gmt":"2019-06-10T14:37:32","guid":{"rendered":"http:\/\/www.nostrasignoradilourdes.org\/ns\/?page_id=1135"},"modified":"2020-12-02T21:18:44","modified_gmt":"2020-12-02T20:18:44","slug":"la-spiritualite","status":"publish","type":"page","link":"https:\/\/www.nostrasignoradilourdes.org\/ns\/fr\/la-spiritualite\/","title":{"rendered":"La spiritualit\u00e9"},"content":{"rendered":"\r\n<div class=\"wp-block-image\" style=\"text-align: justify;\">\r\n<figure class=\"alignleft size-large is-resized\"><img loading=\"lazy\" class=\"wp-image-1082\" src=\"http:\/\/www.nostrasignoradilourdes.org\/ns\/wp-content\/uploads\/2020\/03\/ACC.jpg\" alt=\"\" width=\"151\" height=\"151\" srcset=\"https:\/\/www.nostrasignoradilourdes.org\/ns\/wp-content\/uploads\/2020\/03\/ACC.jpg 225w, https:\/\/www.nostrasignoradilourdes.org\/ns\/wp-content\/uploads\/2020\/03\/ACC-150x150.jpg 150w\" sizes=\"(max-width: 151px) 100vw, 151px\" \/><\/figure>\r\n<\/div>\r\n\r\n\r\n\r\n<p style=\"text-align: justify;\"><b>L&#8217;originalit\u00e9<\/b> de Giovannina Mazzone est repr\u00e9sent\u00e9e par le fait que, bien avant le Concile Vatican II, <b>une jeune la\u00efque a assum\u00e9 ses responsabilit\u00e9s baptismales,<\/b> mettant en \u0153uvre son engagement la\u00efc \u00e0 360 degr\u00e9s. Femme de pri\u00e8re, dou\u00e9e d&#8217;une profonde spiritualit\u00e9, c\u2019est pr\u00e9cis\u00e9ment pour cette raison qu\u2019elle a \u00e9t\u00e9 <b>capable de prendre des responsabilit\u00e9s<\/b> et d&#8217;\u00eatre attentive et \u00e0 m\u00eame de r\u00e9pondre aux besoins de son temps. Telle \u00e9tait Giovannina Mazzone. Elle a incarn\u00e9 l&#8217;engagement la\u00efc qui sera requis par le Concile Vatican II\u00a0: en fait, l&#8217;Institut religieux ne prendra pas forme jusqu&#8217;en 1915, mais son action sociale n\u2019en sera pas pour autant ralentie. Giovannina Mazzone jouera \u00e9galement un r\u00f4le actif dans la naissance de la section locale de la jeunesse f\u00e9minine de l&#8217;Action catholique et encouragera ses \u00ab\u00a0filles\u00a0\u00bb \u00e0 prendre de nouvelles initiatives jusqu\u2019au milieu du XXe si\u00e8cle.<\/p>\r\n","protected":false},"excerpt":{"rendered":"<p>L&#8217;originalit\u00e9 de Giovannina Mazzone est repr\u00e9sent\u00e9e par le fait que, bien avant le Concile Vatican II, une jeune la\u00efque a assum\u00e9 ses responsabilit\u00e9s baptismales, mettant en \u0153uvre son engagement la\u00efc \u00e0 360 degr\u00e9s. Femme de pri\u00e8re, dou\u00e9e d&#8217;une profonde spiritualit\u00e9, c\u2019est pr\u00e9cis\u00e9ment pour cette raison qu\u2019elle a \u00e9t\u00e9 capable de prendre des responsabilit\u00e9s et d&#8217;\u00eatre [&hellip;]<\/p>\n","protected":false},"author":1,"featured_media":0,"parent":0,"menu_order":0,"comment_status":"closed","ping_status":"closed","template":"","meta":[],"_links":{"self":[{"href":"https:\/\/www.nostrasignoradilourdes.org\/ns\/wp-json\/wp\/v2\/pages\/1135"}],"collection":[{"href":"https:\/\/www.nostrasignoradilourdes.org\/ns\/wp-json\/wp\/v2\/pages"}],"about":[{"href":"https:\/\/www.nostrasignoradilourdes.org\/ns\/wp-json\/wp\/v2\/types\/page"}],"author":[{"embeddable":true,"href":"https:\/\/www.nostrasignoradilourdes.org\/ns\/wp-json\/wp\/v2\/users\/1"}],"replies":[{"embeddable":true,"href":"https:\/\/www.nostrasignoradilourdes.org\/ns\/wp-json\/wp\/v2\/comments?post=1135"}],"version-history":[{"count":5,"href":"https:\/\/www.nostrasignoradilourdes.org\/ns\/wp-json\/wp\/v2\/pages\/1135\/revisions"}],"predecessor-version":[{"id":1520,"href":"https:\/\/www.nostrasignoradilourdes.org\/ns\/wp-json\/wp\/v2\/pages\/1135\/revisions\/1520"}],"wp:attachment":[{"href":"https:\/\/www.nostrasignoradilourdes.org\/ns\/wp-json\/wp\/v2\/media?parent=1135"}],"curies":[{"name":"wp","href":"https:\/\/api.w.org\/{rel}","templated":true}]}}