{"id":1147,"date":"2019-06-10T16:34:39","date_gmt":"2019-06-10T14:34:39","guid":{"rendered":"http:\/\/www.nostrasignoradilourdes.org\/ns\/?page_id=1147"},"modified":"2020-12-02T21:17:51","modified_gmt":"2020-12-02T20:17:51","slug":"la-revue","status":"publish","type":"page","link":"https:\/\/www.nostrasignoradilourdes.org\/ns\/fr\/la-revue\/","title":{"rendered":"La revue"},"content":{"rendered":"\r\n<div class=\"wp-block-image\" style=\"text-align: justify;\">\r\n<figure class=\"aligncenter\"><img loading=\"lazy\" width=\"679\" height=\"1024\" class=\"wp-image-871\" src=\"http:\/\/www.nostrasignoradilourdes.org\/ns\/wp-content\/uploads\/2019\/10\/cover-1-679x1024.jpg\" alt=\"\" srcset=\"https:\/\/www.nostrasignoradilourdes.org\/ns\/wp-content\/uploads\/2019\/10\/cover-1-679x1024.jpg 679w, https:\/\/www.nostrasignoradilourdes.org\/ns\/wp-content\/uploads\/2019\/10\/cover-1-199x300.jpg 199w, https:\/\/www.nostrasignoradilourdes.org\/ns\/wp-content\/uploads\/2019\/10\/cover-1-768x1158.jpg 768w, https:\/\/www.nostrasignoradilourdes.org\/ns\/wp-content\/uploads\/2019\/10\/cover-1.jpg 1811w\" sizes=\"(max-width: 679px) 100vw, 679px\" \/><\/figure>\r\n<\/div>\r\n\r\n\r\n\r\n<p style=\"text-align: justify;\">La Communaut\u00e9 publie une revue semestrielle intitul\u00e9e \u00abCasa Mazzone\u00bb qui est envoy\u00e9e \u00e0 tous ceux qui en font la demande et veulent contribuer ou soutenir nos \u0153uvres missionnaires.<span class=\"Apple-converted-space\">\u00a0<\/span><\/p>\r\n<p style=\"text-align: justify;\">La revue \u00ab\u00a0Casa Mazzone\u00a0\u00bb pr\u00e9sente les \u0153uvres de l\u2019Institut et de la mission en Afrique aux lectrices et aux lecteurs abonn\u00e9s ainsi qu\u2019aux bienfaiteurs qui soutiennent les activit\u00e9s de l&#8217;Institut.<\/p>\r\n","protected":false},"excerpt":{"rendered":"<p>La Communaut\u00e9 publie une revue semestrielle intitul\u00e9e \u00abCasa Mazzone\u00bb qui est envoy\u00e9e \u00e0 tous ceux qui en font la demande et veulent contribuer ou soutenir nos \u0153uvres missionnaires.\u00a0 La revue \u00ab\u00a0Casa Mazzone\u00a0\u00bb pr\u00e9sente les \u0153uvres de l\u2019Institut et de la mission en Afrique aux lectrices et aux lecteurs abonn\u00e9s ainsi qu\u2019aux bienfaiteurs qui soutiennent les [&hellip;]<\/p>\n","protected":false},"author":1,"featured_media":0,"parent":0,"menu_order":0,"comment_status":"closed","ping_status":"closed","template":"","meta":[],"_links":{"self":[{"href":"https:\/\/www.nostrasignoradilourdes.org\/ns\/wp-json\/wp\/v2\/pages\/1147"}],"collection":[{"href":"https:\/\/www.nostrasignoradilourdes.org\/ns\/wp-json\/wp\/v2\/pages"}],"about":[{"href":"https:\/\/www.nostrasignoradilourdes.org\/ns\/wp-json\/wp\/v2\/types\/page"}],"author":[{"embeddable":true,"href":"https:\/\/www.nostrasignoradilourdes.org\/ns\/wp-json\/wp\/v2\/users\/1"}],"replies":[{"embeddable":true,"href":"https:\/\/www.nostrasignoradilourdes.org\/ns\/wp-json\/wp\/v2\/comments?post=1147"}],"version-history":[{"count":6,"href":"https:\/\/www.nostrasignoradilourdes.org\/ns\/wp-json\/wp\/v2\/pages\/1147\/revisions"}],"predecessor-version":[{"id":1517,"href":"https:\/\/www.nostrasignoradilourdes.org\/ns\/wp-json\/wp\/v2\/pages\/1147\/revisions\/1517"}],"wp:attachment":[{"href":"https:\/\/www.nostrasignoradilourdes.org\/ns\/wp-json\/wp\/v2\/media?parent=1147"}],"curies":[{"name":"wp","href":"https:\/\/api.w.org\/{rel}","templated":true}]}}