{"id":1152,"date":"2019-06-10T16:38:47","date_gmt":"2019-06-10T14:38:47","guid":{"rendered":"http:\/\/www.nostrasignoradilourdes.org\/ns\/?page_id=1152"},"modified":"2020-10-22T20:32:54","modified_gmt":"2020-10-22T18:32:54","slug":"approfondissements","status":"publish","type":"page","link":"https:\/\/www.nostrasignoradilourdes.org\/ns\/fr\/approfondissements\/","title":{"rendered":"Approfondissements"},"content":{"rendered":"\r\n<p><b>GIOVANNINA: M\u00c8RE ET MA\u00ceTRESSE<\/b><\/p>\r\n<p>\u00c9crire sur l&#8217;\u00e9ducatrice Giovannina Mazzone, c&#8217;est se souvenir que tous les principaux termes de r\u00e9f\u00e9rence de la nouvelle p\u00e9dagogie synodale: <b><i>accueillir, accompagner, encourager, retrouver, soutenir, consoler, prendre soin, rester proche<\/i><\/b> \u00e9taient d\u00e9j\u00e0 acquis au plus haut point et v\u00e9cus avec une intensit\u00e9 extraordinaire par une jeune cat\u00e9chiste de Casale Monferrato \u00e0 la fin du XIXe si\u00e8cle.<\/p>\r\n<p>\u00c0 l\u2019instar de Marie devenue disciple de son Fils, Giovannina, amoureuse de J\u00e9sus et d\u00e9vou\u00e9e \u00e0 la Vierge, devient pour ses jeunes pensionnaires <b>m\u00e8re et ma\u00eetresse<\/b> de vie spirituelle et de f\u00e9condit\u00e9 humaine.<\/p>\r\n<p>Elle avait compris que Marie, apparue \u00e0 Lourdes pendant ces ann\u00e9es \u00e0 une jeune fille analphab\u00e8te, appartient \u00e0 l\u2019 \u00ab\u00a0anawin\u00a0\u00bb, c\u2019est la premi\u00e8re de ces \u00ab\u00a0petits\u00a0\u00bb qui ont accueilli le Royaume comme des enfants et poss\u00e8dent la gr\u00e2ce sp\u00e9ciale de \u00ab\u00a0<b>la<\/b> <b>connaissance-amour<\/b>\u00a0\u00bb. Son charisme de femme et de la\u00efque au service de l&#8217;\u00c9glise et du monde nous pousse \u00e0 repenser une \u00e9ducation v\u00e9ritablement \u00ab\u00a0int\u00e9grale\u00a0\u00bb et une r\u00e9ponse cr\u00e9ative et efficace au besoin de sens des g\u00e9n\u00e9rations d&#8217;aujourd&#8217;hui.<\/p>\r\n<p>Contexte social et action de Giovannina Mazzone en faveur des femmes <i>et son \u0153uvre au sein du mouvement social catholique du dioc\u00e8se de Casale Monferrato<\/i> de Carlo Baviera<\/p>\r\n<p>Dans un \u00c9tat d\u00e9sormais unifi\u00e9, en cours de modernisation et dans lequel commence \u00e0 prendre pied la deuxi\u00e8me r\u00e9volution industrielle, mais au sein duquel s\u2019ouvre la \u00ab\u00a0question romaine\u00a0\u00bb, Giovannina Mazzone est l\u2019une des premi\u00e8res \u00e0 agir en faveur de l&#8217;\u00e9mancipation des femmes. Elle \u0153uvre dans une r\u00e9gion caract\u00e9ris\u00e9e par une population rurale principalement d\u00e9favoris\u00e9e (en raison de la crise du secteur agricole), une pauvret\u00e9 g\u00e9n\u00e9ralis\u00e9e et une forte \u00e9migration, m\u00eame en pr\u00e9sence du d\u00e9veloppement initial des industries du ciment.<\/p>\r\n<p>La femme doit donc \u00eatre aid\u00e9e, car elle est doublement faible (en tant que femme et en tant que travailleuse). Son engagement (pensionnat, patronage, cours) est l\u2019un des rares \u00e0 \u00eatre adress\u00e9 aux femmes.<\/p>\r\n<p>M\u00eame pendant le nouveau si\u00e8cle \u00e0 Casale Monferrato, devenu d\u00e9sormais la capitale du ciment (avec le d\u00e9but des activit\u00e9s de l&#8217;Eternit en 1906) et qui continue de se moderniser (c&#8217;est \u00e0 cette p\u00e9riode que les portes et les bastions sont d\u00e9molis avec le d\u00e9veloppement des quartiers p\u00e9riph\u00e9riques), son engagement ne fait pas d\u00e9faut, suivant l\u2019enseignement du Rerum Novarum et des Semaines sociales catholiques. En effet, Mlle Mazzone est d\u00e9j\u00e0 \u00e0 l&#8217;avant-garde, anticipant ce que nous appelons l&#8217;\u00c9glise sortante (elle forme l&#8217;Union des \u00e9pouses et m\u00e8res chr\u00e9tiennes et l&#8217;Union des institutrices, d\u00e9marre l&#8217;activit\u00e9 de la section de Casale de l&#8217;\u0152uvre pour la protection des jeunes filles et accorde une grande attention aux ouvri\u00e8res travaillant aux fours). Participant aux congr\u00e8s nationaux, elle plaide pour les unions professionnelles des infirmi\u00e8res, des repasseuses, des institutrices, des couturi\u00e8res, des domestiques, des ouvri\u00e8res et pour une assistance aux \u00ab\u00a0mondine\u00a0\u00bb (les ouvri\u00e8res saisonni\u00e8res des rizi\u00e8res des plaines du Pi\u00e9mont), qui re\u00e7oivent une grande attention et un soutien important de sa part et de celle de ses collaboratrices.<\/p>\r\n<p>Apr\u00e8s la Grande Guerre, dans la Circonscription de Casale (comme dans le reste de l&#8217;Italie), les classes sociales les plus pauvres manifestent leur m\u00e9contentement (le co\u00fbt de la vie est 4 fois sup\u00e9rieur \u00e0 celui de 1913) par des protestations contre le co\u00fbt de la vie et des gr\u00e8ves qui provoquent des r\u00e9actions des propri\u00e9taires et de la bourgeoisie conservatrice. Ces r\u00e9actions conduiront \u00e0 la dictature fasciste.<\/p>\r\n<p>Elle est aux c\u00f4t\u00e9s des femmes et des ouvri\u00e8res m\u00eame durant ces ann\u00e9es (laboratoire Mirabello\u00a0; centre de Santa Teresa pour assister les \u00ab\u00a0setaiole\u00a0\u00bb, les ouvri\u00e8res de la soie.<\/p>\r\n\r\n\r\n\r\n<p>&nbsp;<\/p>\r\n\r\n\r\n\r\n<div class=\"wp-block-image\">\r\n<figure class=\"alignleft is-resized\"><img loading=\"lazy\" class=\"wp-image-916\" src=\"http:\/\/www.nostrasignoradilourdes.org\/ns\/wp-content\/uploads\/2019\/10\/Carlo_Baviera_2.jpg\" alt=\"\" width=\"134\" height=\"217\" srcset=\"https:\/\/www.nostrasignoradilourdes.org\/ns\/wp-content\/uploads\/2019\/10\/Carlo_Baviera_2.jpg 388w, https:\/\/www.nostrasignoradilourdes.org\/ns\/wp-content\/uploads\/2019\/10\/Carlo_Baviera_2-185x300.jpg 185w\" sizes=\"(max-width: 134px) 100vw, 134px\" \/>\r\n<figcaption><em>Carlo Baviera<\/em><\/figcaption>\r\n<\/figure>\r\n<\/div>\r\n\r\n\r\n\r\n<div class=\"wp-block-image\">\r\n<figure class=\"alignright is-resized\"><img loading=\"lazy\" class=\"wp-image-938\" src=\"http:\/\/www.nostrasignoradilourdes.org\/ns\/wp-content\/uploads\/2019\/10\/Relazione-Baviera-cop.jpg\" alt=\"\" width=\"186\" height=\"262\" srcset=\"https:\/\/www.nostrasignoradilourdes.org\/ns\/wp-content\/uploads\/2019\/10\/Relazione-Baviera-cop.jpg 595w, https:\/\/www.nostrasignoradilourdes.org\/ns\/wp-content\/uploads\/2019\/10\/Relazione-Baviera-cop-212x300.jpg 212w\" sizes=\"(max-width: 186px) 100vw, 186px\" \/><\/figure>\r\n<\/div>\r\n\r\n\r\n\r\n<div class=\"wp-block-file\">\r\n<p><b>L&#8217;intervention<\/b> de <b>Carlo Baviera<\/b> intitul\u00e9e \u00ab\u00a0Contexte social et action de Giovannina Mazzone en faveur des femmes et son \u0153uvre au sein du mouvement social catholique dans le dioc\u00e8se\u00a0\u00bb dans le cadre de la conf\u00e9rence \u00ab\u00a0Giovannina Mazzone\u00a0: le g\u00e9nie f\u00e9minin entre mission et engagement social\u00a0\u00bb organis\u00e9e par le dioc\u00e8se de Casale Monferrato et l\u2019Institut Notre-Dame de Lourdes \u00e0 l&#8217;occasion du premier centenaire de la fondation de l&#8217;Institut (7 novembre 2015). <a class=\"wp-block-file__button\" href=\"http:\/\/www.nostrasignoradilourdes.org\/ns\/wp-content\/uploads\/2019\/10\/Relazione-Baviera-Testo.pdf\" download=\"\">Download<\/a><\/p>\r\n<\/div>\r\n\r\n\r\n\r\n<div class=\"wp-block-image\">\r\n<figure class=\"alignright is-resized\"><img loading=\"lazy\" class=\"wp-image-937\" src=\"http:\/\/www.nostrasignoradilourdes.org\/ns\/wp-content\/uploads\/2019\/10\/Relazione-Favretto-cop.jpg\" alt=\"\" width=\"190\" height=\"245\" srcset=\"https:\/\/www.nostrasignoradilourdes.org\/ns\/wp-content\/uploads\/2019\/10\/Relazione-Favretto-cop.jpg 612w, https:\/\/www.nostrasignoradilourdes.org\/ns\/wp-content\/uploads\/2019\/10\/Relazione-Favretto-cop-232x300.jpg 232w\" sizes=\"(max-width: 190px) 100vw, 190px\" \/><\/figure>\r\n<\/div>\r\n\r\n\r\n\r\n<div class=\"wp-block-image\">\r\n<figure class=\"alignleft is-resized\"><img loading=\"lazy\" class=\"wp-image-918\" src=\"http:\/\/www.nostrasignoradilourdes.org\/ns\/wp-content\/uploads\/2019\/10\/Favretto-Sergio.jpg\" alt=\"\" width=\"136\" height=\"129\" \/>\r\n<figcaption><em>Sergio Favretto<\/em><\/figcaption>\r\n<\/figure>\r\n<\/div>\r\n\r\n\r\n\r\n<div class=\"wp-block-file\">\r\n<p><b>L\u2019intervention<\/b> de <b>Sergio Favretto<\/b> intitul\u00e9e \u00ab\u00a0Giovanna Mazzone\u00a0: innovation et modernit\u00e9\u00a0\u00bb dans le cadre de la conf\u00e9rence \u00ab\u00a0Giovannina Mazzone\u00a0: le g\u00e9nie f\u00e9minin entre mission et engagement social\u00a0\u00bb<\/p>\r\n<a class=\"wp-block-file__button\" href=\"http:\/\/www.nostrasignoradilourdes.org\/ns\/wp-content\/uploads\/2019\/10\/Relazione-Favretto-Testo.pdf\" download=\"\">Download<\/a><\/div>\r\n","protected":false},"excerpt":{"rendered":"<p>GIOVANNINA: M\u00c8RE ET MA\u00ceTRESSE \u00c9crire sur l&#8217;\u00e9ducatrice Giovannina Mazzone, c&#8217;est se souvenir que tous les principaux termes de r\u00e9f\u00e9rence de la nouvelle p\u00e9dagogie synodale: accueillir, accompagner, encourager, retrouver, soutenir, consoler, prendre soin, rester proche \u00e9taient d\u00e9j\u00e0 acquis au plus haut point et v\u00e9cus avec une intensit\u00e9 extraordinaire par une jeune cat\u00e9chiste de Casale Monferrato \u00e0 [&hellip;]<\/p>\n","protected":false},"author":1,"featured_media":0,"parent":0,"menu_order":0,"comment_status":"closed","ping_status":"closed","template":"","meta":[],"_links":{"self":[{"href":"https:\/\/www.nostrasignoradilourdes.org\/ns\/wp-json\/wp\/v2\/pages\/1152"}],"collection":[{"href":"https:\/\/www.nostrasignoradilourdes.org\/ns\/wp-json\/wp\/v2\/pages"}],"about":[{"href":"https:\/\/www.nostrasignoradilourdes.org\/ns\/wp-json\/wp\/v2\/types\/page"}],"author":[{"embeddable":true,"href":"https:\/\/www.nostrasignoradilourdes.org\/ns\/wp-json\/wp\/v2\/users\/1"}],"replies":[{"embeddable":true,"href":"https:\/\/www.nostrasignoradilourdes.org\/ns\/wp-json\/wp\/v2\/comments?post=1152"}],"version-history":[{"count":5,"href":"https:\/\/www.nostrasignoradilourdes.org\/ns\/wp-json\/wp\/v2\/pages\/1152\/revisions"}],"predecessor-version":[{"id":1297,"href":"https:\/\/www.nostrasignoradilourdes.org\/ns\/wp-json\/wp\/v2\/pages\/1152\/revisions\/1297"}],"wp:attachment":[{"href":"https:\/\/www.nostrasignoradilourdes.org\/ns\/wp-json\/wp\/v2\/media?parent=1152"}],"curies":[{"name":"wp","href":"https:\/\/api.w.org\/{rel}","templated":true}]}}