{"id":1155,"date":"2019-06-10T16:38:28","date_gmt":"2019-06-10T14:38:28","guid":{"rendered":"http:\/\/www.nostrasignoradilourdes.org\/ns\/?page_id=1155"},"modified":"2020-12-02T21:39:32","modified_gmt":"2020-12-02T20:39:32","slug":"la-fondatrice-2","status":"publish","type":"page","link":"https:\/\/www.nostrasignoradilourdes.org\/ns\/fr\/la-fondatrice-2\/","title":{"rendered":"La fondatrice (fr)"},"content":{"rendered":"\r\n\r\n\r\n<p style=\"text-align: justify;\">Giovannina Mazzone est n\u00e9e \u00e0 Casale Monferrato (Alessandria) dans le Pi\u00e9mont en Italie, le 28 juillet 1861. Fille du M\u00e9decin en chef de l\u2019H\u00f4pital Santo Spirito, elle perd sa m\u00e8re \u00e0 la naissance. A moins de de vingt ans, elle fonde un des premiers patronages d\u2019Italie, un v\u00e9ritable centre r\u00e9cr\u00e9atif pour les filles. En 1892 cette r\u00e9alit\u00e9 devient un v\u00e9ritable et centre de loisirs pour les filles.<\/p>\r\n<p style=\"text-align: justify;\">Quelque temps plus temps, le patronage se transforme en pensionnat.<\/p>\r\n<p style=\"text-align: justify;\">En 1883, son oncle Giuseppe l&#8217;emm\u00e8ne visiter Paris et, \u00e0 l&#8217;\u00e9glise de Saint-Sulpice, elle est attir\u00e9e par la m\u00e9thode de l\u2019enseignement de la cat\u00e9ch\u00e8se du c\u00e9l\u00e8bre cur\u00e9 Dupanloup. Ces nouvelles m\u00e9thodes qu\u2019elle s\u2019efforcera plus tard d\u2019appliquer et de partager avec les jeunes de sa Paroisse de Santo Stefano.<\/p>\r\n<p style=\"text-align: justify;\">Vers la fin du XIXe si\u00e8cle, elle est en contact avec Don Orione \u00e0 Tortona et M\u00e8re Teresa Michel \u00e0 Alessandria qui poursuivent des objectifs similaires. L&#8217;Institut accueille \u00e9galement de jeunes orphelines, des enfants pauvres, des adolescentes qui ont surv\u00e9cu au tremblement de terre en Calabre, dans une \u0153uvre continue d\u2019assistance.<span class=\"Apple-converted-space\">\u00a0<\/span><\/p>\r\n<p style=\"text-align: justify;\">Son activit\u00e9 est reconnue \u00e0 tel point qu&#8217;en 1910, elle re\u00e7oit la m\u00e9daille d&#8217;or \u00ab\u00a0<b><i>Pro Ecclesia et Pontefice\u00a0\u00bb<\/i><\/b> des autorit\u00e9s du Vatican. C&#8217;est alors qu&#8217;apr\u00e8s trente ans, le patronage prend le nom d&#8217;\u0152uvre de Notre-Dame de Lourdes et, pour r\u00e9aliser sa devise \u00ab<b>Toute forme de bien m\u2019attire<\/b>\u00bb, elle fonde la Congr\u00e9gation religieuse dioc\u00e9saine des \u00ab\u00a0Filles de Notre-Dame de Lourdes \u00bb.<\/p>\r\n<p style=\"text-align: justify;\">Entre temps, \u00ab\u00a0Mademoiselle\u00a0\u00bb Giovannina se consacre \u00e0 l\u2019assistance morale et sociale des \u00ab\u00a0mondine\u00a0\u00bb (les ouvri\u00e8res saisonni\u00e8res des rizi\u00e8res des plaines du Pi\u00e9mont), cr\u00e9e un centre de culture et un pensionnat pour les \u00e9tudiantes, institue un r\u00e9seau de services pour les domestiques et les ouvri\u00e8res des\u00a0cimenteries de Casale, devient animatrice de l\u2019\u00e9veil social des catholiques et de la fondation des cercles de la jeunesse f\u00e9minine de l\u2019action catholique dans tout le Monferrato.<\/p>\r\n<p style=\"text-align: justify;\">En 1946, elle est irr\u00e9versiblement frapp\u00e9e par une paralysie progressive. Elle continue toutefois \u00e0 participer quotidiennement \u00e0 la vie de l&#8217;Institut depuis son fauteuil roulant, recevant et conseillant toujours ses \u00ab\u00a0s\u0153urs\u00a0\u00bb et ses anciennes \u00e9l\u00e8ves.<\/p>\r\n<p style=\"text-align: justify;\">Elle jouit d\u2019une grande renomm\u00e9e \u00e0 la fin du XIXe si\u00e8cle et au d\u00e9but du si\u00e8cle dernier, est tr\u00e8s connue dans le Pi\u00e9mont. Chacun s\u2019adresse \u00e0 elle dans la certitude de toujours trouver une aide g\u00e9n\u00e9reuse et efficace.<\/p>\r\n<p style=\"text-align: justify;\"><b>Elle meurt en odeur de saintet\u00e9 le 9 janvier 1954 \u00e0 Casale Monferrato.<\/b><\/p>\r\n\r\n\r\n\r\n<div class=\"wp-block-image\" style=\"text-align: justify;\">\r\n<figure class=\"alignleft is-resized\"><img loading=\"lazy\" class=\"wp-image-936\" src=\"http:\/\/www.nostrasignoradilourdes.org\/ns\/wp-content\/uploads\/2019\/10\/Giovannina-Mazzone-Un_secolo_di_Monferrato.jpg\" alt=\"\" width=\"164\" height=\"231\" srcset=\"https:\/\/www.nostrasignoradilourdes.org\/ns\/wp-content\/uploads\/2019\/10\/Giovannina-Mazzone-Un_secolo_di_Monferrato.jpg 595w, https:\/\/www.nostrasignoradilourdes.org\/ns\/wp-content\/uploads\/2019\/10\/Giovannina-Mazzone-Un_secolo_di_Monferrato-212x300.jpg 212w, https:\/\/www.nostrasignoradilourdes.org\/ns\/wp-content\/uploads\/2019\/10\/Giovannina-Mazzone-Un_secolo_di_Monferrato-250x350.jpg 250w\" sizes=\"(max-width: 164px) 100vw, 164px\" \/>\r\n<figcaption>Estratto dal volume \u201cUn secolo di Monferrato. Personaggi e avvenimenti dal novecento al 2000\u201c Editrice Monferrato, 1999<\/figcaption>\r\n<\/figure>\r\n<\/div>\r\n\r\n\r\n\r\n<div class=\"wp-block-file\" style=\"text-align: justify;\"><a href=\"http:\/\/www.nostrasignoradilourdes.org\/ns\/wp-content\/uploads\/2019\/10\/Giovannina-Mazzone-Un_secolo_di_Monferrato.pdf\">Estratto dal volume \u201cUn secolo di Monferrato\u2026\u201d <\/a><a class=\"wp-block-file__button\" href=\"http:\/\/www.nostrasignoradilourdes.org\/ns\/wp-content\/uploads\/2019\/10\/Giovannina-Mazzone-Un_secolo_di_Monferrato.pdf\" download=\"\">Download<\/a><\/div>\r\n","protected":false},"excerpt":{"rendered":"<p>Giovannina Mazzone est n\u00e9e \u00e0 Casale Monferrato (Alessandria) dans le Pi\u00e9mont en Italie, le 28 juillet 1861. Fille du M\u00e9decin en chef de l\u2019H\u00f4pital Santo Spirito, elle perd sa m\u00e8re \u00e0 la naissance. A moins de de vingt ans, elle fonde un des premiers patronages d\u2019Italie, un v\u00e9ritable centre r\u00e9cr\u00e9atif pour les filles. En 1892 [&hellip;]<\/p>\n","protected":false},"author":1,"featured_media":0,"parent":0,"menu_order":0,"comment_status":"closed","ping_status":"closed","template":"","meta":[],"_links":{"self":[{"href":"https:\/\/www.nostrasignoradilourdes.org\/ns\/wp-json\/wp\/v2\/pages\/1155"}],"collection":[{"href":"https:\/\/www.nostrasignoradilourdes.org\/ns\/wp-json\/wp\/v2\/pages"}],"about":[{"href":"https:\/\/www.nostrasignoradilourdes.org\/ns\/wp-json\/wp\/v2\/types\/page"}],"author":[{"embeddable":true,"href":"https:\/\/www.nostrasignoradilourdes.org\/ns\/wp-json\/wp\/v2\/users\/1"}],"replies":[{"embeddable":true,"href":"https:\/\/www.nostrasignoradilourdes.org\/ns\/wp-json\/wp\/v2\/comments?post=1155"}],"version-history":[{"count":7,"href":"https:\/\/www.nostrasignoradilourdes.org\/ns\/wp-json\/wp\/v2\/pages\/1155\/revisions"}],"predecessor-version":[{"id":1531,"href":"https:\/\/www.nostrasignoradilourdes.org\/ns\/wp-json\/wp\/v2\/pages\/1155\/revisions\/1531"}],"wp:attachment":[{"href":"https:\/\/www.nostrasignoradilourdes.org\/ns\/wp-json\/wp\/v2\/media?parent=1155"}],"curies":[{"name":"wp","href":"https:\/\/api.w.org\/{rel}","templated":true}]}}