{"id":1204,"date":"2020-05-01T02:48:10","date_gmt":"2020-05-01T00:48:10","guid":{"rendered":"http:\/\/www.nostrasignoradilourdes.org\/ns\/?page_id=1204"},"modified":"2020-12-01T18:32:13","modified_gmt":"2020-12-01T17:32:13","slug":"home","status":"publish","type":"page","link":"https:\/\/www.nostrasignoradilourdes.org\/ns\/fr\/home\/","title":{"rendered":"Home (fr)"},"content":{"rendered":"<p style=\"text-align: center;\"><span style=\"font-size: 21px; line-height: 25px; text-align: center;\"><div class=\"wondercarousellightbox_options\" data-skinsfoldername=\"\"  data-jsfolder=\"https:\/\/www.nostrasignoradilourdes.org\/ns\/wp-content\/plugins\/wonderplugin-carousel\/engine\/\" style=\"display:none;\"><\/div>\r\n<div class=\"wonderplugincarousel-container\" id=\"wonderplugincarousel-container-2\" style=\"padding: 0px 0px 0px 0px;\"><div class=\"wonderplugincarousel\" id=\"wonderplugincarousel-2\" data-carouselid=\"2\" data-width=\"330\" data-height=\"200\" data-skin=\"classic\" data-donotzoomin=\"false\" data-addpreloading=\"false\" data-multiplebyrow=\"false\" data-showimgtitle=\"false\" data-sameheight=\"false\" data-sameheightresponsive=\"false\" data-fullwidth=\"true\" data-centerimage=\"true\" data-fitimage=\"false\" data-fitcenterimage=\"true\" data-fixaspectratio=\"true\" data-autoplay=\"false\" data-random=\"false\" data-circular=\"false\" data-pauseonmouseover=\"false\" data-continuous=\"false\" data-responsive=\"true\" data-showhoveroverlay=\"false\" data-showhoveroverlayalways=\"false\" data-hidehoveroverlayontouch=\"false\" data-lightboxresponsive=\"true\" data-lightboxshownavigation=\"false\" data-lightboxnogroup=\"false\" data-lightboxshowtitle=\"true\" data-lightboxshowdescription=\"false\" data-lightboxaddsocialmedia=\"false\" data-usescreenquery=\"false\" data-donotinit=\"false\" data-addinitscript=\"false\" data-doshortcodeontext=\"false\" data-lightboxshowsocial=\"false\" data-lightboxshowemail=\"true\" data-lightboxshowfacebook=\"true\" data-lightboxshowtwitter=\"true\" data-lightboxshowpinterest=\"true\" data-lightboxsocialrotateeffect=\"true\" data-donotcircularforless=\"false\" data-deferloading=\"false\" data-enablelazyload=\"false\" data-usebase64=\"true\" data-limitvisibleitemstolength=\"true\" data-hidearrowsandbulletsforonepage=\"true\" data-showfirstlasthalf=\"false\" data-verticalflexheight=\"false\" data-hidebulletssmallscreen=\"true\" data-removeinlinecss=\"true\" data-lightboxinityoutube=\"true\" data-lightboxinitvimeo=\"true\" data-hidecontainerbeforeloaded=\"false\" data-hidecontaineroninit=\"true\" data-lightboximagekeepratio=\"true\" data-showplayvideo=\"true\" data-triggerresize=\"false\" data-lightboxfullscreenmode=\"false\" data-lightboxcloseonoverlay=\"true\" data-lightboxvideohidecontrols=\"false\" data-lightboxautoslide=\"false\" data-lightboxshowtimer=\"true\" data-lightboxshowplaybutton=\"false\" data-lightboxalwaysshownavarrows=\"false\" data-lightboxshowtitleprefix=\"false\" data-preloadingimage=\"loading-0.gif\" data-spacing=\"16\" data-rownumber=\"1\" data-visibleitems=\"3\" data-arrowstyle=\"none\" data-arrowimage=\"arrows-32-32-2.png\" data-arrowwidth=\"32\" data-arrowheight=\"32\" data-navstyle=\"none\" data-navimage=\"bullet-16-16-0.png\" data-navwidth=\"16\" data-navheight=\"16\" data-navspacing=\"8\" data-hoveroverlayimage=\"hoveroverlay-64-64-3.png\" data-lightboxthumbwidth=\"90\" data-lightboxthumbheight=\"60\" data-lightboxthumbtopmargin=\"12\" data-lightboxthumbbottommargin=\"4\" data-lightboxbarheight=\"64\" data-lightboxtitlebottomcss=\"{color:#333; font-size:14px; font-family:Armata,sans-serif,Arial; overflow:hidden; text-align:left;}\" data-lightboxdescriptionbottomcss=\"{color:#333; font-size:12px; font-family:Arial,Helvetica,sans-serif; overflow:hidden; text-align:left; margin:4px 0px 0px; padding: 0px;}\" data-continuousduration=\"5000\" data-autoplaydir=\"left\" data-scrollmode=\"page\" data-interval=\"3000\" data-transitionduration=\"1000\" data-lightboxtitlestyle=\"bottom\" data-lightboximagepercentage=\"75\" data-lightboxdefaultvideovolume=\"1\" data-lightboxoverlaybgcolor=\"#000\" data-lightboxoverlayopacity=\"0.9\" data-lightboxbgcolor=\"#fff\" data-lightboxtitleprefix=\"%NUM \/ %TOTAL\" data-lightboxtitleinsidecss=\"color:#fff; font-size:16px; font-family:Arial,Helvetica,sans-serif; overflow:hidden; text-align:left;\" data-lightboxdescriptioninsidecss=\"color:#fff; font-size:12px; font-family:Arial,Helvetica,sans-serif; overflow:hidden; text-align:left; margin:4px 0px 0px; padding: 0px;\" data-playvideoimage=\"playvideo-64-64-0.png\" data-playvideoimagepos=\"center\" data-imgtitle=\"title\" data-circularlimit=\"3\" data-deferloadingdelay=\"0\" data-firstlasthalfsmallscreen=\"640\" data-hidebulletssmallscreensize=\"480\" data-movemode=\"carousel\" data-moveduration=\"500\" data-lightboxsocialposition=\"position:absolute;top:100%;right:0;\" data-lightboxsocialpositionsmallscreen=\"position:absolute;top:100%;right:0;left:0;\" data-lightboxsocialdirection=\"horizontal\" data-lightboxsocialbuttonsize=\"32\" data-lightboxsocialbuttonfontsize=\"18\" data-sameheightmediumscreen=\"769\" data-sameheightmediumheight=\"200\" data-sameheightsmallscreen=\"415\" data-sameheightsmallheight=\"150\" data-triggerresizedelay=\"100\" data-lightboxslideinterval=\"5000\" data-lightboxtimerposition=\"bottom\" data-lightboxtimercolor=\"#dc572e\" data-lightboxtimeropacity=\"1\" data-lightboxbordersize=\"8\" data-lightboxborderradius=\"0\" data-screenquery='{ \"tablet\": { \"screenwidth\": 800, \"visibleitems\": 2 }, \"mobile\": { \"screenwidth\": 480, \"visibleitems\": 1 } }' data-jsfolder=\"https:\/\/www.nostrasignoradilourdes.org\/ns\/wp-content\/plugins\/wonderplugin-carousel\/engine\/\" style=\"display:none;position:relative;margin:0 auto;width:100%;max-width:990px;\" ><div class=\"amazingcarousel-list-container\" style=\"overflow:hidden;\"><ul class=\"amazingcarousel-list\"><li class=\"amazingcarousel-item\"><div class=\"amazingcarousel-item-container\"><div class=\"amazingcarousel-image\"><a href=\"http:\/\/www.nostrasignoradilourdes.org\/ns\/fr\/l-histoire__trashed\/100-ans\/\"><img class=\"amazingcarousel-image-img\" src=\"http:\/\/www.nostrasignoradilourdes.org\/ns\/wp-content\/uploads\/2020\/03\/home.jpg\" alt=\"100 ANS\" data-description=\"\" \/><\/a><\/div>\n<div class=\"amazingcarousel-title\">100 ANS<\/div><\/div><\/li><li class=\"amazingcarousel-item\"><div class=\"amazingcarousel-item-container\"><div class=\"amazingcarousel-image\"><a href=\"http:\/\/www.nostrasignoradilourdes.org\/ns\/fr\/benin-francese\/\"><img class=\"amazingcarousel-image-img\" src=\"http:\/\/www.nostrasignoradilourdes.org\/ns\/wp-content\/uploads\/2020\/12\/Benin1.jpg\" alt=\"BENIN\" data-description=\"\" \/><\/a><\/div>\n<div class=\"amazingcarousel-title\">BENIN<\/div><\/div><\/li><li class=\"amazingcarousel-item\"><div class=\"amazingcarousel-item-container\"><div class=\"amazingcarousel-image\"><a href=\"http:\/\/www.nostrasignoradilourdes.org\/ns\/fr\/ou-sommes-nous-en-italie\/\"><img class=\"amazingcarousel-image-img\" src=\"http:\/\/www.nostrasignoradilourdes.org\/ns\/wp-content\/uploads\/2019\/06\/Madre-Michelle-ha-aperto-la-Missione-in-Benin.jpg\" alt=\"ITALIE\" data-description=\"\" \/><\/a><\/div>\n<div class=\"amazingcarousel-title\">ITALIE<\/div><\/div><\/li><\/ul><div class=\"amazingcarousel-prev\"><\/div><div class=\"amazingcarousel-next\"><\/div><\/div><div class=\"amazingcarousel-nav\"><\/div><\/div><\/div><script>function wondercarousel_2_appendcss(csscode) {var head=document.head || document.getElementsByTagName(\"head\")[0];var style=document.createElement(\"style\");head.appendChild(style);style.type=\"text\/css\";if (style.styleSheet){style.styleSheet.cssText=csscode;} else {style.appendChild(document.createTextNode(csscode));}};wondercarousel_2_appendcss(\"@import url(https:\/\/fonts.googleapis.com\/css?family=Open+Sans);   #wonderplugincarousel-2 .amazingcarousel-image {\t \tposition: relative; \tpadding: 4px; }  #wonderplugincarousel-2 .amazingcarousel-image img { \tdisplay: block; \twidth: 100%; \tmax-width: 100%; \tborder: 0; \tmargin: 0; \tpadding: 0; \t-moz-border-radius: 0px; \t-webkit-border-radius: 0px; \tborder-radius: 0px; \t-moz-box-shadow:  0 1px 4px rgba(0, 0, 0, 0.2); \t-webkit-box-shadow: 0 1px 4px rgba(0, 0, 0, 0.2); \tbox-shadow: 0 1px 4px rgba(0, 0, 0, 0.2); }  .amazingcarousel-title { font: 45px Open Sans, sans-serif;     color: #fff;     margin-right: 10px;     text-align: right;     text-shadow: 0px 1px 1px #fff;     position: relative;     z-index: 1000;     margin-top: -63px;    text-shadow: 3px 3px 10px black;}  #wonderplugin-carousel-preview .amazingcarousel-title {     font: 45px Open Sans, sans-serif;     color: #fff;     margin-right: 10px;     text-align: right;     text-shadow: 0px 1px 1px #fff;     position: relative;     z-index: 1000;     margin-top: -63px;  }  #wonderplugincarousel-2 .amazingcarousel-list-container {  \tpadding:16px 0; }  #wonderplugincarousel-2 .amazingcarousel-item-container { \ttext-align: center; \tpadding: 4px; \tbackground-color: ; \tborder: 1px solid gray; \t-moz-box-shadow: 0px 0px 5px 1px rgba(96, 96, 96, 0.1); \t-webkit-box-shadow: 0px 0px 5px 1px rgba(96, 96, 96, 0.1); \tbox-shadow: 0px 0px 5px 1px rgba(96, 96, 96, 0.1); }  #wonderplugincarousel-2 .amazingcarousel-prev { \tleft: 0%; \ttop: 50%; \tmargin-left: -48px; \tmargin-top: -16px; }  #wonderplugincarousel-2 .amazingcarousel-next { \tright: 0%; \ttop: 50%; \tmargin-right: -48px; \tmargin-top: -16px; }  #wonderplugincarousel-2 .amazingcarousel-nav { \tposition: absolute; \twidth: 100%; \ttop: 100%; }  #wonderplugincarousel-2 .amazingcarousel-bullet-wrapper { \tmargin: 4px auto; }  .amazingcarousel-socialmedia-button { \tdisplay: inline-block; \tmargin: 4px; }  .amazingcarousel-socialmedia-button a { \tbox-shadow: none; }  .amazingcarousel-socialmedia-icon { \tdisplay:table-cell; \twidth:32px; \theight:32px; \tfont-size:18px; \tborder-radius:50%; \tcolor:#fff; \tvertical-align:middle; \ttext-align:center; \tcursor:pointer; \tpadding:0; }  .amazingcarousel-socialmedia-rotate { \ttransition: transform .4s ease-in;  }   .amazingcarousel-socialmedia-rotate:hover {  \ttransform: rotate(360deg);  } #wonderplugincarousel-2 .star-rating { \tdisplay: inline-block; }\");<\/script><\/span><\/p>\n<p style=\"font-size: 21px; line-height: 25px; text-align: center; padding-top: 20px;\">Les Filles de \u201cNotre Dame de Lourdes\u201d<br \/>\nsont appel\u00e9es \u00e0 vivre le message de Lourdes<br \/>\nqui n\u2019est autre que l\u2019Evangile avec un esprit permanent de conversion.<br \/>\nDans le Charisme de Jeanne Mazzone notre Fondatrice,<br \/>\nil ya le d\u00e9sir d\u2019une famille r\u00e9ligieuse ins\u00e9r\u00e9e dans l\u2019Eglise<br \/>\net ouvertes aux besoins des fr\u00e8res (selons les possibilit\u00e9s),<br \/>\ncomme le confirme sa devise: \u201cToute forme de bien m\u2019attire\u201d<\/p>\n","protected":false},"excerpt":{"rendered":"<p>Les Filles de \u201cNotre Dame de Lourdes\u201d sont appel\u00e9es \u00e0 vivre le message de Lourdes qui n\u2019est autre que l\u2019Evangile avec un esprit permanent de conversion. Dans le Charisme de Jeanne Mazzone notre Fondatrice, il ya le d\u00e9sir d\u2019une famille r\u00e9ligieuse ins\u00e9r\u00e9e dans l\u2019Eglise et ouvertes aux besoins des fr\u00e8res (selons les possibilit\u00e9s), comme le [&hellip;]<\/p>\n","protected":false},"author":1,"featured_media":0,"parent":0,"menu_order":0,"comment_status":"closed","ping_status":"closed","template":"","meta":[],"_links":{"self":[{"href":"https:\/\/www.nostrasignoradilourdes.org\/ns\/wp-json\/wp\/v2\/pages\/1204"}],"collection":[{"href":"https:\/\/www.nostrasignoradilourdes.org\/ns\/wp-json\/wp\/v2\/pages"}],"about":[{"href":"https:\/\/www.nostrasignoradilourdes.org\/ns\/wp-json\/wp\/v2\/types\/page"}],"author":[{"embeddable":true,"href":"https:\/\/www.nostrasignoradilourdes.org\/ns\/wp-json\/wp\/v2\/users\/1"}],"replies":[{"embeddable":true,"href":"https:\/\/www.nostrasignoradilourdes.org\/ns\/wp-json\/wp\/v2\/comments?post=1204"}],"version-history":[{"count":18,"href":"https:\/\/www.nostrasignoradilourdes.org\/ns\/wp-json\/wp\/v2\/pages\/1204\/revisions"}],"predecessor-version":[{"id":1454,"href":"https:\/\/www.nostrasignoradilourdes.org\/ns\/wp-json\/wp\/v2\/pages\/1204\/revisions\/1454"}],"wp:attachment":[{"href":"https:\/\/www.nostrasignoradilourdes.org\/ns\/wp-json\/wp\/v2\/media?parent=1204"}],"curies":[{"name":"wp","href":"https:\/\/api.w.org\/{rel}","templated":true}]}}