{"id":1262,"date":"2019-06-10T16:34:12","date_gmt":"2019-06-10T14:34:12","guid":{"rendered":"http:\/\/www.nostrasignoradilourdes.org\/ns\/?page_id=1262"},"modified":"2020-12-02T21:42:01","modified_gmt":"2020-12-02T20:42:01","slug":"lhistoire","status":"publish","type":"page","link":"https:\/\/www.nostrasignoradilourdes.org\/ns\/fr\/lhistoire\/","title":{"rendered":"L\u2019histoire"},"content":{"rendered":"<p style=\"text-align: justify;\">Giovannina Mazzone est n\u00e9e \u00e0 Casale Monferrato (Alessandria) le 28 juillet 1861. Elle n\u2019a pas encore vingt ans quand elle fonde le premier patronage et centre de loisirs pour jeunes filles. Elle se consacre \u00e0 l\u2019assistance morale et sociale des \u00ab\u00a0mondine\u00a0\u00bb (les ouvri\u00e8res saisonni\u00e8res des rizi\u00e8res des plaines du Pi\u00e9mont). Elle cr\u00e9e un centre de culture et un pensionnat pour les \u00e9tudiantes, institue un r\u00e9seau de services pour les domestiques et les ouvri\u00e8res des cimenteries de Casale.<\/p>\n<p style=\"text-align: justify;\">Pendant la Premi\u00e8re Guerre mondiale, l&#8217;Institut devient un centre d\u2019accueil pour les r\u00e9fugi\u00e9s du Frioul. De 1920 \u00e0 1940, d&#8217;autres \u0153uvres voient le jour \u00e0 Mirabello, \u00e0 Fremura Ligure, \u00e0 Biella, \u00e0 G\u00eanes, ainsi que l\u2019\u00e9cole maternelle de S. Teresa de l\u2019enfant J\u00e9sus pour les ouvri\u00e8res de la fabrique de soie de Casale.<\/p>\n<p style=\"text-align: justify;\">Au cours de la Seconde Guerre mondiale, l&#8217;Institut poursuit ses travaux d&#8217;enseignement et d&#8217;assistance, en organisant \u00e9galement des le\u00e7ons de couture, de broderie, de dactylographie et de peinture. En d\u00e9fense de la libert\u00e9, il donne refuge aux Juifs pers\u00e9cut\u00e9s pendant la Seconde Guerre mondiale. Les premi\u00e8res r\u00e9unions clandestines du Comit\u00e9 de Lib\u00e9ration Haute-Italie se tiennent dans sa maison de via Trevigi.<\/p>\n<p style=\"text-align: justify;\">Pour r\u00e9aliser sa devise \u00ab<b>Toute forme de bien m\u2019attire<\/b>\u00bb elle fonde la Congr\u00e9gation religieuse dioc\u00e9saine des \u00ab Filles de Notre-Dame de Lourdes \u00bb.<\/p>\n<p style=\"text-align: justify;\">Elle acquiert une grande renomm\u00e9e dans le Pi\u00e9mont \u00e0 la fin du XIXe si\u00e8cle et durant les premi\u00e8res d\u00e9cennies du si\u00e8cle dernier. Chacun s\u2019adresse \u00e0 elle dans la certitude de toujours trouver une aide g\u00e9n\u00e9reuse et efficace.<\/p>\n<p style=\"text-align: justify;\"><b>Elle meurt en odeur de saintet\u00e9 le 9 janvier 1954 \u00e0 Casale Monferrato.<\/b><\/p>\n","protected":false},"excerpt":{"rendered":"<p>Giovannina Mazzone est n\u00e9e \u00e0 Casale Monferrato (Alessandria) le 28 juillet 1861. Elle n\u2019a pas encore vingt ans quand elle fonde le premier patronage et centre de loisirs pour jeunes filles. Elle se consacre \u00e0 l\u2019assistance morale et sociale des \u00ab\u00a0mondine\u00a0\u00bb (les ouvri\u00e8res saisonni\u00e8res des rizi\u00e8res des plaines du Pi\u00e9mont). Elle cr\u00e9e un centre de [&hellip;]<\/p>\n","protected":false},"author":4,"featured_media":0,"parent":0,"menu_order":0,"comment_status":"closed","ping_status":"closed","template":"","meta":[],"_links":{"self":[{"href":"https:\/\/www.nostrasignoradilourdes.org\/ns\/wp-json\/wp\/v2\/pages\/1262"}],"collection":[{"href":"https:\/\/www.nostrasignoradilourdes.org\/ns\/wp-json\/wp\/v2\/pages"}],"about":[{"href":"https:\/\/www.nostrasignoradilourdes.org\/ns\/wp-json\/wp\/v2\/types\/page"}],"author":[{"embeddable":true,"href":"https:\/\/www.nostrasignoradilourdes.org\/ns\/wp-json\/wp\/v2\/users\/4"}],"replies":[{"embeddable":true,"href":"https:\/\/www.nostrasignoradilourdes.org\/ns\/wp-json\/wp\/v2\/comments?post=1262"}],"version-history":[{"count":4,"href":"https:\/\/www.nostrasignoradilourdes.org\/ns\/wp-json\/wp\/v2\/pages\/1262\/revisions"}],"predecessor-version":[{"id":1533,"href":"https:\/\/www.nostrasignoradilourdes.org\/ns\/wp-json\/wp\/v2\/pages\/1262\/revisions\/1533"}],"wp:attachment":[{"href":"https:\/\/www.nostrasignoradilourdes.org\/ns\/wp-json\/wp\/v2\/media?parent=1262"}],"curies":[{"name":"wp","href":"https:\/\/api.w.org\/{rel}","templated":true}]}}