{"id":8,"date":"2019-06-10T16:33:59","date_gmt":"2019-06-10T14:33:59","guid":{"rendered":"http:\/\/www.nostrasignoradilourdes.org\/ns\/?page_id=8"},"modified":"2020-12-02T21:41:58","modified_gmt":"2020-12-02T20:41:58","slug":"chi-siamo","status":"publish","type":"page","link":"https:\/\/www.nostrasignoradilourdes.org\/ns\/fr\/chi-siamo\/","title":{"rendered":"Qui sommes-nous?"},"content":{"rendered":"\r\n<p style=\"text-align: justify;\">La famille religieuse des \u00ab\u00a0Filles de Notre-Dame de Lourdes\u00a0\u00bb a \u00e9t\u00e9 fond\u00e9e par Giovannina Mazzone a Casale Monferrato (Alessandria) dans le Pi\u00e9mont en Italie au d\u00e9but du si\u00e8cle dernier. Elle a \u00e9t\u00e9 voulue par l&#8217;Ev\u00eaque Mgr. L. Gavotti le 3 juin 1915, et \u00e9rig\u00e9e en Institut Religieux de droit dioc\u00e9sain le 26 Ao\u00fbt 1938.<span class=\"Apple-converted-space\">\u00a0<br \/><\/span><i>Son but sp\u00e9cifique et primordial \u00e9tait d&#8217;accueillir et de former \u00ab\u00a0de petites ouvri\u00e8res du Bon Dieu qui s\u2019efforceront de combler les vides laiss\u00e9s par les grands Instituts\u00a0\u00bb.<\/i><\/p>\r\n<p style=\"text-align: justify;\">Ces religieuses sont appel\u00e9es \u00e0 accomplir un travail apostolique minutieux, parfois \u00e9pisodique, mais elles sont toujours dispos\u00e9es \u00e0 t\u00e9moigner du Christ avec b\u00e9nignit\u00e9 et simplicit\u00e9 dans toutes les formes de bien et surtout dans un esprit missionnaire dans les divers milieux de l&#8217;\u00c9glise locale et universelle.<br \/>L&#8217;esprit de notre communaut\u00e9 est l&#8217;apostolat, la Mission.<br \/>Le nom \u00abFilles de Notre Dame de Lourdes\u00bb lie les S\u0153urs \u00e0 une tendre d\u00e9votion \u00e0 la Vierge Marie, mod\u00e8le de pleine disponibilit\u00e9 envers le Seigneur, les r\u00e9conforte dans l\u2019assurance de sa protection maternelle et offre dans la figure de Sainte Bernadette Soubirous un mod\u00e8le de vie et de spiritualit\u00e9.\u00a0<\/p>\r\n<p style=\"text-align: justify;\">La devise de l\u2019Institut est\u00a0: \u00ab<b><i>Toute forme de bien m\u2019attire<\/i><\/b>\u00bb<br \/>L\u2019Institut c\u00e9l\u00e8bre chaque ann\u00e9e sa <strong>F\u00eate Patronale<\/strong> le <strong>11 F\u00e9vrier<\/strong> en la solennit\u00e9 de Notre Dame de Lourdes. Il ne s\u2019agit pas seulement d\u2019un grand jour de Pri\u00e8re pour les malades, le monde, et pour la vie de notre Institut; ma aussi une occasion de rencontre, de retrouvaille et de partage entre anciennes \u00e9l\u00e8ves, bienfaiteurs, amis et tous.<\/p>\r\n<p style=\"text-align: justify;\">L\u2019Institut des Filles de \u00ab\u00a0Notre-Dame Lourdes\u00a0\u00bb a \u00e9t\u00e9 civilement reconnu par le d\u00e9cret n\u00b0 917 (du Pr\u00e9sident de la R\u00e9publique italienne) le 27 septembre 1944, publi\u00e9 au Journal officiel de l\u2019Italie n\u00b028 le 3 f\u00e9vrier 1945. Il est inscrit au Registre Public des Personnes Juridiques de la Province de Alessandrie sous le n\u00b046 du 20 mars 1987.<\/p>\r\n","protected":false},"excerpt":{"rendered":"<p>La famille religieuse des \u00ab\u00a0Filles de Notre-Dame de Lourdes\u00a0\u00bb a \u00e9t\u00e9 fond\u00e9e par Giovannina Mazzone a Casale Monferrato (Alessandria) dans le Pi\u00e9mont en Italie au d\u00e9but du si\u00e8cle dernier. Elle a \u00e9t\u00e9 voulue par l&#8217;Ev\u00eaque Mgr. L. Gavotti le 3 juin 1915, et \u00e9rig\u00e9e en Institut Religieux de droit dioc\u00e9sain le 26 Ao\u00fbt 1938.\u00a0Son but [&hellip;]<\/p>\n","protected":false},"author":1,"featured_media":0,"parent":0,"menu_order":0,"comment_status":"closed","ping_status":"closed","template":"","meta":[],"_links":{"self":[{"href":"https:\/\/www.nostrasignoradilourdes.org\/ns\/wp-json\/wp\/v2\/pages\/8"}],"collection":[{"href":"https:\/\/www.nostrasignoradilourdes.org\/ns\/wp-json\/wp\/v2\/pages"}],"about":[{"href":"https:\/\/www.nostrasignoradilourdes.org\/ns\/wp-json\/wp\/v2\/types\/page"}],"author":[{"embeddable":true,"href":"https:\/\/www.nostrasignoradilourdes.org\/ns\/wp-json\/wp\/v2\/users\/1"}],"replies":[{"embeddable":true,"href":"https:\/\/www.nostrasignoradilourdes.org\/ns\/wp-json\/wp\/v2\/comments?post=8"}],"version-history":[{"count":8,"href":"https:\/\/www.nostrasignoradilourdes.org\/ns\/wp-json\/wp\/v2\/pages\/8\/revisions"}],"predecessor-version":[{"id":1523,"href":"https:\/\/www.nostrasignoradilourdes.org\/ns\/wp-json\/wp\/v2\/pages\/8\/revisions\/1523"}],"wp:attachment":[{"href":"https:\/\/www.nostrasignoradilourdes.org\/ns\/wp-json\/wp\/v2\/media?parent=8"}],"curies":[{"name":"wp","href":"https:\/\/api.w.org\/{rel}","templated":true}]}}